{"id":133747,"date":"2024-06-03T05:32:09","date_gmt":"2024-06-03T05:32:09","guid":{"rendered":"https:\/\/skyber.webzschema.com\/?page_id=133747"},"modified":"2025-04-28T07:16:18","modified_gmt":"2025-04-28T07:16:18","slug":"about-us","status":"publish","type":"page","link":"https:\/\/skyberaerospace.com\/de\/about-us","title":{"rendered":"\u00dcBER UNS"},"content":{"rendered":"<div class=\"wpb-content-wrapper\"><p>[vc_row row_height_percent=&#8221;70&#8243; back_image=&#8221;134452&#8243; overlay_alpha=&#8221;50&#8243; gutter_size=&#8221;3&#8243; column_width_percent=&#8221;100&#8243; shift_y=&#8221;0&#8243; z_index=&#8221;0&#8243; medium_visibility=&#8221;yes&#8221; mobile_visibility=&#8221;yes&#8221; content_parallax=&#8221;0&#8243; uncode_shortcode_id=&#8221;407914&#8243;][vc_column column_width_percent=&#8221;100&#8243; position_vertical=&#8221;middle&#8221; align_horizontal=&#8221;align_center&#8221; gutter_size=&#8221;3&#8243; overlay_alpha=&#8221;50&#8243; shift_x=&#8221;0&#8243; shift_y=&#8221;0&#8243; shift_y_down=&#8221;0&#8243; z_index=&#8221;0&#8243; medium_width=&#8221;0&#8243; mobile_width=&#8221;0&#8243; width=&#8221;1\/1&#8243; uncode_shortcode_id=&#8221;714312&#8243;][\/vc_column][\/vc_row][vc_row unlock_row_content=&#8221;yes&#8221; row_height_percent=&#8221;100&#8243; back_image=&#8221;134452&#8243; overlay_alpha=&#8221;50&#8243; gutter_size=&#8221;3&#8243; column_width_percent=&#8221;100&#8243; shift_y=&#8221;0&#8243; z_index=&#8221;0&#8243; desktop_visibility=&#8221;yes&#8221; content_parallax=&#8221;0&#8243; uncode_shortcode_id=&#8221;326114&#8243;][vc_column column_width_percent=&#8221;100&#8243; gutter_size=&#8221;3&#8243; override_padding=&#8221;yes&#8221; column_padding=&#8221;5&#8243; overlay_alpha=&#8221;50&#8243; shift_x=&#8221;0&#8243; shift_y=&#8221;0&#8243; shift_y_down=&#8221;0&#8243; z_index=&#8221;0&#8243; medium_width=&#8221;0&#8243; mobile_width=&#8221;0&#8243; width=&#8221;1\/1&#8243; uncode_shortcode_id=&#8221;144036&#8243;][\/vc_column][\/vc_row][vc_row row_height_percent=&#8221;0&#8243; override_padding=&#8221;yes&#8221; h_padding=&#8221;2&#8243; top_padding=&#8221;4&#8243; bottom_padding=&#8221;4&#8243; back_color=&#8221;color-lxmt&#8221; overlay_alpha=&#8221;50&#8243; gutter_size=&#8221;3&#8243; column_width_percent=&#8221;100&#8243; shift_y=&#8221;0&#8243; z_index=&#8221;0&#8243; content_parallax=&#8221;0&#8243; uncode_shortcode_id=&#8221;198256&#8243; back_color_type=&#8221;uncode-palette&#8221;][vc_column column_width_percent=&#8221;100&#8243; gutter_size=&#8221;3&#8243; style=&#8221;light&#8221; overlay_alpha=&#8221;50&#8243; shift_x=&#8221;0&#8243; shift_y=&#8221;0&#8243; shift_y_down=&#8221;0&#8243; z_index=&#8221;0&#8243; medium_width=&#8221;0&#8243; mobile_width=&#8221;0&#8243; width=&#8221;1\/1&#8243; uncode_shortcode_id=&#8221;451048&#8243;][vc_custom_heading heading_semantic=&#8221;h1&#8243; text_size=&#8221;fontsize-338686&#8243; text_weight=&#8221;300&#8243; uncode_shortcode_id=&#8221;560231&#8243;]<span style=\"color: #000000;\">Wer sind wir?<br \/>\n<\/span>[\/vc_custom_heading][vc_custom_heading text_color=&#8221;color-wvjs&#8221; text_size=&#8221;h3&#8243; text_weight=&#8221;300&#8243; text_height=&#8221;fontheight-357766&#8243; uncode_shortcode_id=&#8221;175535&#8243; text_color_type=&#8221;uncode-palette&#8221;]<span style=\"color: #777777;\">SKYBER Aerospace ist ein vision\u00e4res Hightech-Unternehmen, das sich auf die Entwicklung von Luftmobilit\u00e4tsl\u00f6sungen spezialisiert hat. Mit unserer Leidenschaft f\u00fcr Innovation treiben wir die Grenzen der Technologie voran \u2013 durch fortschrittliche Hybridantriebe und KI-basierte photonische Chips\u00e4tze f\u00fcr unbemannte Luftfahrzeuge (UAVs). Von der Konzeption bis zur Entwicklung setzen wir auf eigene Designs und KI-gest\u00fctzte Softwarel\u00f6sungen. Unser Ziel ist es, durch intelligente Datenverarbeitungsalgorithmen die Effizienz und Nachhaltigkeit der Luftmobilit\u00e4t zu verbessern.<br \/>\n<\/span>[\/vc_custom_heading][vc_custom_heading text_color=&#8221;color-wvjs&#8221; text_size=&#8221;h3&#8243; text_weight=&#8221;300&#8243; text_height=&#8221;fontheight-357766&#8243; uncode_shortcode_id=&#8221;120468&#8243; text_color_type=&#8221;uncode-palette&#8221;]<span style=\"color: #777777;\">SKYBER\u00ae wurde 2023 gegr\u00fcndet und hat seinen Hauptsitz in Bangalore, Indien. Das Expertenteam von SKYBER\u00ae besteht aus Luft- und Raumfahrtingenieuren, Absolventen des IIT und der RWTH Aachen, Fachleuten mit Erfahrung bei der DRDO und ISRO sowie ehemaligen Offizieren der indischen Armee, die die milit\u00e4rische Pr\u00e4zision unserer Produkte gew\u00e4hrleisten. SKYBER\u00ae wird von Investoren, der indischen Regierung und strategischen Partnern unterst\u00fctzt und hat sich zum Ziel gesetzt, die Zukunft der Luftmobilit\u00e4t mit bahnbrechender Technologie voranzutreiben.<br \/>\n<\/span>[\/vc_custom_heading][\/vc_column][\/vc_row][vc_row row_height_percent=&#8221;0&#8243; override_padding=&#8221;yes&#8221; h_padding=&#8221;2&#8243; top_padding=&#8221;5&#8243; bottom_padding=&#8221;5&#8243; back_color=&#8221;color-482803&#8243; overlay_alpha=&#8221;50&#8243; gutter_size=&#8221;3&#8243; column_width_percent=&#8221;100&#8243; shift_y=&#8221;0&#8243; z_index=&#8221;0&#8243; content_parallax=&#8221;0&#8243; uncode_shortcode_id=&#8221;940318&#8243; back_color_type=&#8221;uncode-palette&#8221; el_class=&#8221;aboutvisionmission&#8221;][vc_column column_width_percent=&#8221;100&#8243; gutter_size=&#8221;4&#8243; overlay_alpha=&#8221;50&#8243; shift_x=&#8221;0&#8243; shift_y=&#8221;0&#8243; shift_y_down=&#8221;0&#8243; z_index=&#8221;0&#8243; medium_width=&#8221;0&#8243; mobile_width=&#8221;0&#8243; width=&#8221;1\/1&#8243;][vc_row_inner row_inner_height_percent=&#8221;0&#8243; overlay_alpha=&#8221;50&#8243; gutter_size=&#8221;4&#8243; shift_y=&#8221;0&#8243; z_index=&#8221;0&#8243; limit_content=&#8221;&#8221;][vc_column_inner column_width_percent=&#8221;100&#8243; gutter_size=&#8221;3&#8243; style=&#8221;dark&#8221; overlay_alpha=&#8221;50&#8243; shift_x=&#8221;0&#8243; shift_y=&#8221;0&#8243; shift_y_down=&#8221;0&#8243; z_index=&#8221;0&#8243; medium_width=&#8221;0&#8243; mobile_width=&#8221;0&#8243; width=&#8221;1\/3&#8243;][vc_custom_heading heading_semantic=&#8221;h3&#8243; text_size=&#8221;h3&#8243; text_weight=&#8221;300&#8243; sub_lead=&#8221;yes&#8221; sub_reduced=&#8221;yes&#8221; subheading=&#8221;Unser Ziel ist es, SKYBER\u00ae zur weltweit vertrauensw\u00fcrdigsten Marke f\u00fcr unbemannte Luftfahrzeuge zu machen \u2013 gegr\u00fcndet auf unseren Kernwerten Vertrauen, Kreativit\u00e4t, Integration und Exzellenz.&#8221; uncode_shortcode_id=&#8221;106866&#8243; el_class=&#8221;aboutvip&#8221;]<span style=\"color: #ffffff;\">Vision<\/span>[\/vc_custom_heading][\/vc_column_inner][vc_column_inner column_width_percent=&#8221;100&#8243; gutter_size=&#8221;3&#8243; style=&#8221;dark&#8221; overlay_alpha=&#8221;50&#8243; shift_x=&#8221;0&#8243; shift_y=&#8221;0&#8243; shift_y_down=&#8221;0&#8243; z_index=&#8221;0&#8243; medium_width=&#8221;0&#8243; mobile_width=&#8221;0&#8243; width=&#8221;1\/3&#8243;][vc_empty_space empty_h=&#8221;2&#8243; desktop_visibility=&#8221;yes&#8221;][vc_custom_heading heading_semantic=&#8221;h3&#8243; text_size=&#8221;h3&#8243; text_weight=&#8221;300&#8243; sub_lead=&#8221;yes&#8221; sub_reduced=&#8221;yes&#8221; subheading=&#8221;Unsere Mission ist es, UAV-Systeme mit einem Deeptech-KI-Ansatz zu entwickeln, der die Bed\u00fcrfnisse der Industrie mit Pr\u00e4zision und Zuverl\u00e4ssigkeit erf\u00fcllt. Auf der Grundlage rigoroser Forschung und eines Weltklasseteams wollen wir die Leistung und Anpassungsf\u00e4higkeit von UAVs neu definieren.&#8221; uncode_shortcode_id=&#8221;146703&#8243; el_class=&#8221;aboutvip&#8221;]<span style=\"color: #ffffff;\">Mission<\/span>[\/vc_custom_heading][\/vc_column_inner][\/vc_row_inner][\/vc_column][\/vc_row][vc_row row_height_percent=&#8221;0&#8243; override_padding=&#8221;yes&#8221; h_padding=&#8221;2&#8243; top_padding=&#8221;5&#8243; bottom_padding=&#8221;3&#8243; back_color=&#8221;color-xsdn&#8221; overlay_alpha=&#8221;50&#8243; equal_height=&#8221;yes&#8221; gutter_size=&#8221;4&#8243; column_width_percent=&#8221;100&#8243; shift_y=&#8221;0&#8243; z_index=&#8221;0&#8243; content_parallax=&#8221;0&#8243; uncode_shortcode_id=&#8221;694469&#8243; back_color_type=&#8221;uncode-palette&#8221;][vc_column column_width_percent=&#8221;100&#8243; gutter_size=&#8221;0&#8243; overlay_alpha=&#8221;50&#8243; shift_x=&#8221;0&#8243; shift_y=&#8221;0&#8243; shift_y_down=&#8221;0&#8243; z_index=&#8221;0&#8243; medium_width=&#8221;0&#8243; mobile_width=&#8221;0&#8243; width=&#8221;4\/12&#8243;][vc_empty_space empty_h=&#8221;0&#8243;][vc_custom_heading text_color=&#8221;accent&#8221; heading_semantic=&#8221;h6&#8243; text_transform=&#8221;uppercase&#8221; text_space=&#8221;fontspace-210350&#8243; uncode_shortcode_id=&#8221;149346&#8243; text_color_type=&#8221;uncode-palette&#8221;]<span style=\"color: #3d0ea4;\">Gesch\u00e4ftsf\u00fchrung<br \/>\n<\/span>[\/vc_custom_heading][\/vc_column][vc_column width=&#8221;6\/12&#8243;][vc_custom_heading text_size=&#8221;h1&#8243; text_weight=&#8221;300&#8243; text_height=&#8221;fontheight-357766&#8243; uncode_shortcode_id=&#8221;922512&#8243;]<span style=\"color: #303133;\">Das F\u00fchrungsteam gew\u00e4hrleistet klare Governance, strategische Disziplin und eine effektive Risikosteuerung.<br \/>\n<\/span>[\/vc_custom_heading][\/vc_column][\/vc_row][vc_row row_height_percent=&#8221;0&#8243; override_padding=&#8221;yes&#8221; h_padding=&#8221;2&#8243; top_padding=&#8221;0&#8243; bottom_padding=&#8221;5&#8243; back_color=&#8221;color-xsdn&#8221; overlay_alpha=&#8221;50&#8243; gutter_size=&#8221;4&#8243; column_width_percent=&#8221;100&#8243; shift_y=&#8221;0&#8243; z_index=&#8221;0&#8243; content_parallax=&#8221;0&#8243; uncode_shortcode_id=&#8221;140789&#8243; back_color_type=&#8221;uncode-palette&#8221; el_class=&#8221;aboutusgreyremove&#8221; el_id=&#8221;row-unique-15&#8243;][vc_column column_width_percent=&#8221;100&#8243; gutter_size=&#8221;3&#8243; style=&#8221;light&#8221; overlay_alpha=&#8221;50&#8243; shift_x=&#8221;0&#8243; shift_y=&#8221;0&#8243; shift_y_down=&#8221;0&#8243; z_index=&#8221;0&#8243; medium_width=&#8221;3&#8243; mobile_width=&#8221;0&#8243; width=&#8221;1\/3&#8243; uncode_shortcode_id=&#8221;707875&#8243;][vc_single_image media=&#8221;133898&#8243; media_width_percent=&#8221;100&#8243; uncode_shortcode_id=&#8221;153096&#8243;][vc_empty_space empty_h=&#8221;1&#8243; desktop_visibility=&#8221;yes&#8221;][vc_custom_heading heading_semantic=&#8221;h3&#8243; text_size=&#8221;h3&#8243; text_weight=&#8221;300&#8243; sub_lead=&#8221;yes&#8221; sub_reduced=&#8221;yes&#8221; subheading=&#8221;Mitbegr\u00fcnder, CEO<\/p>\n<p>Mit mehr als 25 Jahren Erfahrung ist Joseph eine versierte F\u00fchrungskraft und vision\u00e4re Pers\u00f6nlichkeit, die f\u00fcr ihre Expertise in der Umsetzung gro\u00df angelegter Initiativen bekannt ist. Sein unerm\u00fcdlicher Einsatz f\u00fcr Innovation und sein Streben nach Exzellenz sind unverkennbar und spiegeln sich in seinem transformativen Einfluss auf den Unternehmenserfolg wider.&#8221; uncode_shortcode_id=&#8221;468487&#8243;]<\/p>\n<h4><span style=\"color: #000000;\">Joseph George<\/span><\/h4>\n<p>[\/vc_custom_heading][\/vc_column][vc_column column_width_percent=&#8221;100&#8243; gutter_size=&#8221;3&#8243; style=&#8221;light&#8221; overlay_alpha=&#8221;50&#8243; shift_x=&#8221;0&#8243; shift_y=&#8221;0&#8243; shift_y_down=&#8221;0&#8243; z_index=&#8221;0&#8243; medium_width=&#8221;3&#8243; mobile_width=&#8221;0&#8243; width=&#8221;1\/3&#8243; uncode_shortcode_id=&#8221;630220&#8243;][vc_single_image media=&#8221;131685&#8243; media_width_percent=&#8221;100&#8243; uncode_shortcode_id=&#8221;135762&#8243;][vc_custom_heading heading_semantic=&#8221;h3&#8243; text_size=&#8221;h3&#8243; text_weight=&#8221;300&#8243; sub_lead=&#8221;yes&#8221; sub_reduced=&#8221;yes&#8221; subheading=&#8221;Mitbegr\u00fcnder, CPMO<\/p>\n<p>Abhishek ist Informatik-Ingenieur mit einem Postgraduiertenabschluss in KI und maschinellem Lernen von der University of Texas in Austin. Mit \u00fcber 20 Jahren Erfahrung leitet er Produktorganisationen in multinationalen Unternehmen. Er ist bekannt f\u00fcr sein tiefes Fachwissen und seine F\u00e4higkeit, technische Produkte zu entwickeln, die die Erwartungen der Endnutzer nicht nur erf\u00fcllen, sondern \u00fcbertreffen.&#8221; uncode_shortcode_id=&#8221;946180&#8243;]<\/p>\n<h4><span style=\"color: #000000;\">Abhishek Sircar<\/span><\/h4>\n<p>[\/vc_custom_heading][vc_empty_space empty_h=&#8221;1&#8243; desktop_visibility=&#8221;yes&#8221;][\/vc_column][vc_column column_width_percent=&#8221;100&#8243; gutter_size=&#8221;3&#8243; style=&#8221;light&#8221; overlay_alpha=&#8221;50&#8243; shift_x=&#8221;0&#8243; shift_y=&#8221;0&#8243; shift_y_down=&#8221;0&#8243; z_index=&#8221;0&#8243; medium_width=&#8221;3&#8243; mobile_width=&#8221;0&#8243; width=&#8221;1\/3&#8243; uncode_shortcode_id=&#8221;146246&#8243;][vc_single_image media=&#8221;134769&#8243; media_width_percent=&#8221;100&#8243; uncode_shortcode_id=&#8221;142887&#8243;][vc_custom_heading heading_semantic=&#8221;h3&#8243; text_size=&#8221;h3&#8243; text_weight=&#8221;300&#8243; sub_lead=&#8221;yes&#8221; sub_reduced=&#8221;yes&#8221; subheading=&#8221;Regionaler Wachstumsleiter<\/p>\n<p>Jan verst\u00e4rkt das Team von SKYBER Aerospace mit fundiertem technischem Fachwissen und strategischer Expertise. Er treibt skalierbare Software-Innovationen voran und unterst\u00fctzt unsere Expansion in Europa. Seine Pr\u00e4zision, Effizienz und sein globales Netzwerk tragen dazu bei, innovative und nachhaltige L\u00f6sungen f\u00fcr die autonome Luftfahrt und den globalen Handel zu entwickeln.&#8221; uncode_shortcode_id=&#8221;384893&#8243; text_color_type=&#8221;uncode-palette&#8221; text_color_solid=&#8221;#ff0000&#8243;]<\/p>\n<h4>Jan Herrmann<\/h4>\n<p>[\/vc_custom_heading][vc_empty_space empty_h=&#8221;1&#8243; desktop_visibility=&#8221;yes&#8221;][\/vc_column][\/vc_row][vc_row row_height_percent=&#8221;0&#8243; override_padding=&#8221;yes&#8221; h_padding=&#8221;2&#8243; top_padding=&#8221;0&#8243; bottom_padding=&#8221;2&#8243; back_color=&#8221;color-xsdn&#8221; overlay_alpha=&#8221;50&#8243; gutter_size=&#8221;4&#8243; column_width_percent=&#8221;100&#8243; shift_y=&#8221;0&#8243; z_index=&#8221;0&#8243; content_parallax=&#8221;0&#8243; uncode_shortcode_id=&#8221;146497&#8243; back_color_type=&#8221;uncode-palette&#8221; el_id=&#8221;row-unique-16&#8243;][vc_column column_width_percent=&#8221;100&#8243; gutter_size=&#8221;3&#8243; style=&#8221;light&#8221; overlay_alpha=&#8221;50&#8243; shift_x=&#8221;0&#8243; shift_y=&#8221;0&#8243; shift_y_down=&#8221;0&#8243; z_index=&#8221;0&#8243; medium_width=&#8221;3&#8243; mobile_width=&#8221;0&#8243; width=&#8221;1\/3&#8243; uncode_shortcode_id=&#8221;172252&#8243;][vc_single_image media=&#8221;133823&#8243; media_width_percent=&#8221;100&#8243; uncode_shortcode_id=&#8221;506280&#8243;][vc_custom_heading heading_semantic=&#8221;h3&#8243; text_size=&#8221;h3&#8243; text_weight=&#8221;300&#8243; sub_lead=&#8221;yes&#8221; sub_reduced=&#8221;yes&#8221; subheading=&#8221;Berater: Technologie<\/p>\n<p>Mit 20 Jahren Unternehmenserfahrung, einem Bachelor-Abschluss in Luftfahrtingenieurwesen, einem M.Tech. in Turbomechanik und einem Doktortitel in Aerodynamik bringt Dr. Kumar ein enormes Fachwissen in die Entwicklung fortschrittlicher Produkte bei SKYBER ein. Er hat entscheidend zum Erfolg kritischer Projekte weltweit beigetragen und pr\u00e4gt damit die Zukunft der Luftfahrttechnologie.&#8221; uncode_shortcode_id=&#8221;967303&#8243;]<\/p>\n<h4><span style=\"color: #000000;\">Dr. Krishna Kumar<\/span><\/h4>\n<p>[\/vc_custom_heading][vc_empty_space empty_h=&#8221;1&#8243; desktop_visibility=&#8221;yes&#8221;][\/vc_column][vc_column column_width_percent=&#8221;100&#8243; gutter_size=&#8221;3&#8243; style=&#8221;light&#8221; overlay_alpha=&#8221;50&#8243; shift_x=&#8221;0&#8243; shift_y=&#8221;0&#8243; shift_y_down=&#8221;0&#8243; z_index=&#8221;0&#8243; medium_width=&#8221;3&#8243; mobile_width=&#8221;0&#8243; width=&#8221;1\/3&#8243; uncode_shortcode_id=&#8221;773458&#8243;][vc_single_image media=&#8221;133904&#8243; media_width_percent=&#8221;100&#8243; uncode_shortcode_id=&#8221;901419&#8243;][vc_custom_heading heading_semantic=&#8221;h3&#8243; text_size=&#8221;h3&#8243; text_weight=&#8221;300&#8243; sub_lead=&#8221;yes&#8221; sub_reduced=&#8221;yes&#8221; subheading=&#8221;Berater &#8211; Wachstum<\/p>\n<p>Mit insgesamt 40 Jahren Berufserfahrung und einer glanzvollen Karriere in der indischen Armee, f\u00fcr die er mit der prestigetr\u00e4chtigen &#8216;Vishisht Seva Medaille&#8217; ausgezeichnet wurde, bringt J.K. Rao unvergleichliches Fachwissen aus seinen F\u00fchrungsrollen mit. Zu seinem umfangreichen Bildungshintergrund geh\u00f6rt ein Doktortitel in Betriebswirtschaft.&#8221; uncode_shortcode_id=&#8221;189074&#8243;]<\/p>\n<h4><span style=\"color: #000000;\">Brig. J. Kameswara Rao (a.D.)<\/span><\/h4>\n<p>[\/vc_custom_heading][vc_empty_space empty_h=&#8221;1&#8243; desktop_visibility=&#8221;yes&#8221;][\/vc_column][vc_column column_width_percent=&#8221;100&#8243; gutter_size=&#8221;3&#8243; style=&#8221;light&#8221; overlay_alpha=&#8221;50&#8243; shift_x=&#8221;0&#8243; shift_y=&#8221;0&#8243; shift_y_down=&#8221;0&#8243; z_index=&#8221;0&#8243; medium_width=&#8221;3&#8243; mobile_width=&#8221;0&#8243; width=&#8221;1\/3&#8243; uncode_shortcode_id=&#8221;844500&#8243;][vc_single_image media=&#8221;134509&#8243; media_width_percent=&#8221;100&#8243; uncode_shortcode_id=&#8221;136250&#8243;][vc_custom_heading heading_semantic=&#8221;h3&#8243; text_size=&#8221;h3&#8243; text_weight=&#8221;300&#8243; sub_lead=&#8221;yes&#8221; sub_reduced=&#8221;yes&#8221; subheading=&#8221;Berater &#8211; Wachstum<\/p>\n<p>Cmde. G. Prakash ist ein erfahrener Experte f\u00fcr U-Boot- und Luftkriegsf\u00fchrung mit 35 Dienstjahren. In seiner Karriere hat er ein Schiffsgeschwader, drei Kriegsschiffe und vier Marinest\u00fctzpunkte kommandiert. Zudem war er im Marinehauptquartier in den Direktionen f\u00fcr Marinefliegerei sowie Strategie, Konzepte und Transformation t\u00e4tig.&#8221; uncode_shortcode_id=&#8221;200136&#8243; text_color_type=&#8221;uncode-palette&#8221; text_color_solid=&#8221;#ff0000&#8243;]<\/p>\n<h4><span style=\"color: #000000;\">Cmde. G Prakash (a.D.)<\/span><\/h4>\n<p>[\/vc_custom_heading][vc_empty_space empty_h=&#8221;1&#8243; desktop_visibility=&#8221;yes&#8221;][\/vc_column][\/vc_row][vc_row row_height_percent=&#8221;0&#8243; override_padding=&#8221;yes&#8221; h_padding=&#8221;4&#8243; top_padding=&#8221;4&#8243; bottom_padding=&#8221;5&#8243; back_color=&#8221;color-lxmt&#8221; overlay_alpha=&#8221;50&#8243; gutter_size=&#8221;4&#8243; column_width_percent=&#8221;100&#8243; shift_y=&#8221;0&#8243; z_index=&#8221;0&#8243; content_parallax=&#8221;0&#8243; uncode_shortcode_id=&#8221;114385&#8243; back_color_type=&#8221;uncode-palette&#8221;][vc_column column_width_use_pixel=&#8221;yes&#8221; position_horizontal=&#8221;left&#8221; gutter_size=&#8221;3&#8243; style=&#8221;dark&#8221; overlay_alpha=&#8221;50&#8243; shift_x=&#8221;0&#8243; shift_y=&#8221;0&#8243; shift_y_down=&#8221;0&#8243; z_index=&#8221;0&#8243; medium_width=&#8221;0&#8243; mobile_width=&#8221;0&#8243; width=&#8221;1\/1&#8243; column_width_pixel=&#8221;900&#8243; uncode_shortcode_id=&#8221;137279&#8243;][vc_row_inner row_inner_height_percent=&#8221;0&#8243; overlay_alpha=&#8221;50&#8243; gutter_size=&#8221;4&#8243; shift_y=&#8221;0&#8243; z_index=&#8221;0&#8243; limit_content=&#8221;&#8221; uncode_shortcode_id=&#8221;116826&#8243;][vc_column_inner column_width_percent=&#8221;100&#8243; gutter_size=&#8221;1&#8243; style=&#8221;dark&#8221; overlay_alpha=&#8221;50&#8243; shift_x=&#8221;-1&#8243; shift_y=&#8221;0&#8243; shift_y_down=&#8221;0&#8243; z_index=&#8221;0&#8243; medium_width=&#8221;5&#8243; mobile_width=&#8221;0&#8243; width=&#8221;2\/3&#8243; uncode_shortcode_id=&#8221;135949&#8243;][vc_custom_heading heading_semantic=&#8221;h5&#8243; text_font=&#8221;font-846016&#8243; text_size=&#8221;h1&#8243; text_weight=&#8221;300&#8243; text_height=&#8221;fontheight-357766&#8243; text_space=&#8221;fontspace-781688&#8243; css_animation=&#8221;curtain&#8221; animation_speed=&#8221;1000&#8243; animation_delay=&#8221;200&#8243; uncode_shortcode_id=&#8221;202851&#8243;]<\/p>\n<p style=\"text-align: left;\"><span style=\"color: #777777; text-align: left;\">Wir gestalten den Luftraum neu &#8211; Flug f\u00fcr Flug &#8211; und steigern die Mobilit\u00e4t von morgen.<br \/>\n<\/span>[\/vc_custom_heading][\/vc_column_inner][\/vc_row_inner][vc_row_inner row_inner_height_percent=&#8221;0&#8243; overlay_alpha=&#8221;50&#8243; gutter_size=&#8221;4&#8243; shift_y=&#8221;0&#8243; z_index=&#8221;0&#8243; limit_content=&#8221;&#8221; uncode_shortcode_id=&#8221;116826&#8243;][vc_column_inner column_width_percent=&#8221;100&#8243; gutter_size=&#8221;1&#8243; style=&#8221;dark&#8221; overlay_alpha=&#8221;50&#8243; shift_x=&#8221;-1&#8243; shift_y=&#8221;0&#8243; shift_y_down=&#8221;0&#8243; z_index=&#8221;0&#8243; medium_width=&#8221;5&#8243; mobile_width=&#8221;0&#8243; width=&#8221;2\/3&#8243; uncode_shortcode_id=&#8221;135949&#8243;][vc_custom_heading heading_semantic=&#8221;h6&#8243; text_font=&#8221;font-846016&#8243; text_size=&#8221;h5&#8243; text_weight=&#8221;300&#8243; css_animation=&#8221;curtain&#8221; animation_delay=&#8221;200&#8243; uncode_shortcode_id=&#8221;210855&#8243;]<span style=\"color: #777777;\">Joseph George<\/span>[\/vc_custom_heading][vc_custom_heading heading_semantic=&#8221;h6&#8243; text_font=&#8221;font-846016&#8243; text_size=&#8221;h5&#8243; text_weight=&#8221;300&#8243; css_animation=&#8221;curtain&#8221; animation_delay=&#8221;200&#8243; uncode_shortcode_id=&#8221;125496&#8243;]<span style=\"color: #777777;\">Mitbegr\u00fcnder und CEO, SKYBER\u00ae<br \/>\n<\/span>[\/vc_custom_heading][\/vc_column_inner][vc_column_inner column_width_percent=&#8221;100&#8243; gutter_size=&#8221;3&#8243; overlay_alpha=&#8221;50&#8243; shift_x=&#8221;0&#8243; shift_y=&#8221;0&#8243; shift_y_down=&#8221;0&#8243; z_index=&#8221;0&#8243; medium_width=&#8221;0&#8243; mobile_visibility=&#8221;yes&#8221; mobile_width=&#8221;0&#8243; width=&#8221;1\/3&#8243;][\/vc_column_inner][\/vc_row_inner][\/vc_column][\/vc_row][vc_row unlock_row_content=&#8221;yes&#8221; row_height_percent=&#8221;0&#8243; overlay_alpha=&#8221;50&#8243; gutter_size=&#8221;3&#8243; column_width_percent=&#8221;100&#8243; shift_y=&#8221;0&#8243; z_index=&#8221;0&#8243; content_parallax=&#8221;0&#8243; uncode_shortcode_id=&#8221;811112&#8243;][vc_column width=&#8221;1\/1&#8243;][uncode_block id=&#8221;134481&#8243;][\/vc_column][\/vc_row]<\/p>\n<\/div>","protected":false},"excerpt":{"rendered":"<p>[vc_row row_height_percent=&#8221;70&#8243; back_image=&#8221;134452&#8243; overlay_alpha=&#8221;50&#8243; gutter_size=&#8221;3&#8243; column_width_percent=&#8221;100&#8243; shift_y=&#8221;0&#8243; z_index=&#8221;0&#8243; medium_visibility=&#8221;yes&#8221; mobile_visibility=&#8221;yes&#8221; content_parallax=&#8221;0&#8243; uncode_shortcode_id=&#8221;407914&#8243;][vc_column column_width_percent=&#8221;100&#8243; position_vertical=&#8221;middle&#8221; align_horizontal=&#8221;align_center&#8221; gutter_size=&#8221;3&#8243; overlay_alpha=&#8221;50&#8243; shift_x=&#8221;0&#8243; shift_y=&#8221;0&#8243; shift_y_down=&#8221;0&#8243; [&hellip;]<\/p>\n","protected":false},"author":1,"featured_media":0,"parent":0,"menu_order":0,"comment_status":"closed","ping_status":"closed","template":"","meta":{"footnotes":""},"class_list":["post-133747","page","type-page","status-publish","hentry"],"_links":{"self":[{"href":"https:\/\/skyberaerospace.com\/de\/wp-json\/wp\/v2\/pages\/133747","targetHints":{"allow":["GET"]}}],"collection":[{"href":"https:\/\/skyberaerospace.com\/de\/wp-json\/wp\/v2\/pages"}],"about":[{"href":"https:\/\/skyberaerospace.com\/de\/wp-json\/wp\/v2\/types\/page"}],"author":[{"embeddable":true,"href":"https:\/\/skyberaerospace.com\/de\/wp-json\/wp\/v2\/users\/1"}],"replies":[{"embeddable":true,"href":"https:\/\/skyberaerospace.com\/de\/wp-json\/wp\/v2\/comments?post=133747"}],"version-history":[{"count":103,"href":"https:\/\/skyberaerospace.com\/de\/wp-json\/wp\/v2\/pages\/133747\/revisions"}],"predecessor-version":[{"id":134772,"href":"https:\/\/skyberaerospace.com\/de\/wp-json\/wp\/v2\/pages\/133747\/revisions\/134772"}],"wp:attachment":[{"href":"https:\/\/skyberaerospace.com\/de\/wp-json\/wp\/v2\/media?parent=133747"}],"curies":[{"name":"wp","href":"https:\/\/api.w.org\/{rel}","templated":true}]}}